{"id":870,"date":"2014-08-14T15:15:27","date_gmt":"2014-08-14T13:15:27","guid":{"rendered":"http:\/\/ezjy7.w4yserver.at\/cms\/dev\/aktuelles-2\/"},"modified":"2014-12-15T14:17:17","modified_gmt":"2014-12-15T13:17:17","slug":"latest-offers","status":"publish","type":"page","link":"https:\/\/www.haus-macheiner.com\/en\/latest-offers\/","title":{"rendered":"Latest offers"},"content":{"rendered":"<h2 class=\"display-posts-title\">Our offers for you<\/h2>\n<ul class=\"display-posts-listing\"><li class=\"listing-item\"><a class=\"image\" href=\"https:\/\/www.haus-macheiner.com\/en\/elderly-weeks\/\"><img decoding=\"async\" src=\"https:\/\/www.haus-macheiner.com\/cms\/wp-content\/uploads\/2014\/12\/seniorenwoche-skifahren.jpg\" class=\"attachment-medium size-medium wp-post-image\" alt=\"\" srcset=\"https:\/\/www.haus-macheiner.com\/cms\/wp-content\/uploads\/2014\/12\/seniorenwoche-skifahren.jpg 600w, https:\/\/www.haus-macheiner.com\/cms\/wp-content\/uploads\/2014\/12\/seniorenwoche-skifahren-100x66.jpg 100w, https:\/\/www.haus-macheiner.com\/cms\/wp-content\/uploads\/2014\/12\/seniorenwoche-skifahren-330x220.jpg 330w, https:\/\/www.haus-macheiner.com\/cms\/wp-content\/uploads\/2014\/12\/seniorenwoche-skifahren-450x300.jpg 450w\" sizes=\"(max-width: 600px) 100vw, 600px\" \/><\/a> <a class=\"title\" href=\"https:\/\/www.haus-macheiner.com\/en\/elderly-weeks\/\">Elderly weeks<\/a> <span class=\"excerpt-dash\">-<\/span> <span class=\"excerpt\">Seniorenwoche 65plus G\u00fcltig im Zeitraum: Sonntag, 10. bis Freitag den 22. J\u00e4nner 2016 statt. Die Skip\u00e4sse zum Kindertarif sind nur im Zeitraum von Sonntag, den 10. bis Freitag, den 22. J\u00e4nner 2016 g\u00fcltig, mind. 6-Tages-Skipass bzw. max. 12-Tages-Skipass Senioren m\u00fcssen bereits 65 Jahre alt sein (66. Lebensjahr), Stichtag ist der 65. Geburtstag (Vorlage eines Personalausweises)<\/span><\/li><li class=\"listing-item\"><a class=\"image\" href=\"https:\/\/www.haus-macheiner.com\/en\/kickoff-offers\/\"><img decoding=\"async\" src=\"https:\/\/www.haus-macheiner.com\/cms\/wp-content\/uploads\/2014\/11\/saisonstart.jpeg\" class=\"attachment-medium size-medium wp-post-image\" alt=\"Saisonstart 2014\" srcset=\"https:\/\/www.haus-macheiner.com\/cms\/wp-content\/uploads\/2014\/11\/saisonstart.jpeg 510w, https:\/\/www.haus-macheiner.com\/cms\/wp-content\/uploads\/2014\/11\/saisonstart-100x65.jpeg 100w\" sizes=\"(max-width: 510px) 100vw, 510px\" \/><\/a> <a class=\"title\" href=\"https:\/\/www.haus-macheiner.com\/en\/kickoff-offers\/\">Kickoff-Offers<\/a> <span class=\"excerpt-dash\">-<\/span> <span class=\"excerpt\">Unsere Angebote zum Saisonstart F\u00fcr unsere Ferienwohnungen gilt: ab 2 Personen, Preis pro Tag NUR EUR 50,- Inkl. aller Nebenkosten jede weitere Person NUR EUR 10,- pro Tag zu unseren Ferienwohnungen Apartment Mitterberg Apartment Preber F\u00fcr unser Ferienzimmer gilt: pro Person und Nacht NUR EUR 30,- Inkl. aller Nebenkosten Inkl. 1x Kaffee mit Kuchen buchbar<\/span><\/li><li class=\"listing-item\"><a class=\"image\" href=\"https:\/\/www.haus-macheiner.com\/en\/lastminute\/\"><img decoding=\"async\" src=\"https:\/\/www.haus-macheiner.com\/cms\/wp-content\/uploads\/2014\/12\/lastminute-600x353.jpg\" class=\"attachment-medium size-medium wp-post-image\" alt=\"\" srcset=\"https:\/\/www.haus-macheiner.com\/cms\/wp-content\/uploads\/2014\/12\/lastminute-600x353.jpg 600w, https:\/\/www.haus-macheiner.com\/cms\/wp-content\/uploads\/2014\/12\/lastminute-100x58.jpg 100w, https:\/\/www.haus-macheiner.com\/cms\/wp-content\/uploads\/2014\/12\/lastminute.jpg 800w\" sizes=\"(max-width: 600px) 100vw, 600px\" \/><\/a> <a class=\"title\" href=\"https:\/\/www.haus-macheiner.com\/en\/lastminute\/\">Lastminute<\/a> <span class=\"excerpt-dash\">-<\/span> <span class=\"excerpt\">Unser Angebot f\u00fcr Schnellentschlossene Zeitraum: G\u00fcltig f\u00fcr unsere Ferienwohnungen und unsere Ferienzimmer: Ferienwohnung Mitterberg Ferienwohnung Preber Ferienzimmer Fanningberg Ferienzimmer Speiereck &nbsp;<\/span><\/li><li class=\"listing-item\"><a class=\"image\" href=\"https:\/\/www.haus-macheiner.com\/en\/ski-packages\/\"><img decoding=\"async\" src=\"https:\/\/www.haus-macheiner.com\/cms\/wp-content\/uploads\/2014\/12\/skipauschalen-600x394.jpg\" class=\"attachment-medium size-medium wp-post-image\" alt=\"\" srcset=\"https:\/\/www.haus-macheiner.com\/cms\/wp-content\/uploads\/2014\/12\/skipauschalen-600x394.jpg 600w, https:\/\/www.haus-macheiner.com\/cms\/wp-content\/uploads\/2014\/12\/skipauschalen-100x65.jpg 100w, https:\/\/www.haus-macheiner.com\/cms\/wp-content\/uploads\/2014\/12\/skipauschalen.jpg 1000w\" sizes=\"(max-width: 600px) 100vw, 600px\" \/><\/a> <a class=\"title\" href=\"https:\/\/www.haus-macheiner.com\/en\/ski-packages\/\">Ski-Packages<\/a> <span class=\"excerpt-dash\">-<\/span> <span class=\"excerpt\">Unsere Angebote zum Saisonstart Skiplus Wochen Saisonbeginn bis Freitag, 20. Dezember 2019 vom Samstag, 11. J\u00e4nner 2020 bis Freitag 31. J\u00e4nner 2020, vom Samstag 21. M\u00e4rz 2020 bis Saisonende Leistungen Minus ca.15% auf den Skipasspreis der Hauptsaison f\u00fcr den SKILungau Skipass (ab 4-Tages-Skipass (g\u00fcltig in den Skigebieten Gro\u00dfeck-Speiereck,Katschberg-Aineck,Fanningberg (auf Wunsch auch mit Obertauern) Minus ca.15%<\/span><\/li><\/ul>\n","protected":false},"excerpt":{"rendered":"","protected":false},"author":2,"featured_media":0,"parent":0,"menu_order":18,"comment_status":"closed","ping_status":"closed","template":"","meta":{"footnotes":""},"class_list":["post-870","page","type-page","status-publish","hentry"],"yoast_head":"<!-- This site is optimized with the Yoast SEO plugin v26.9 - https:\/\/yoast.com\/product\/yoast-seo-wordpress\/ -->\n<title>Latest offers - G\u00e4stehaus Macheiner<\/title>\n<meta name=\"robots\" content=\"index, follow, max-snippet:-1, max-image-preview:large, max-video-preview:-1\" \/>\n<link rel=\"canonical\" href=\"https:\/\/www.haus-macheiner.com\/en\/latest-offers\/\" \/>\n<meta property=\"og:locale\" content=\"en_US\" \/>\n<meta property=\"og:type\" content=\"article\" \/>\n<meta property=\"og:title\" content=\"Latest offers - G\u00e4stehaus Macheiner\" \/>\n<meta property=\"og:url\" content=\"https:\/\/www.haus-macheiner.com\/en\/latest-offers\/\" \/>\n<meta property=\"og:site_name\" content=\"G\u00e4stehaus Macheiner\" \/>\n<meta property=\"article:modified_time\" content=\"2014-12-15T13:17:17+00:00\" \/>\n<meta name=\"twitter:card\" content=\"summary_large_image\" \/>\n<script type=\"application\/ld+json\" class=\"yoast-schema-graph\">{\"@context\":\"https:\/\/schema.org\",\"@graph\":[{\"@type\":\"WebPage\",\"@id\":\"https:\/\/www.haus-macheiner.com\/en\/latest-offers\/\",\"url\":\"https:\/\/www.haus-macheiner.com\/en\/latest-offers\/\",\"name\":\"Latest offers - G\u00e4stehaus Macheiner\",\"isPartOf\":{\"@id\":\"https:\/\/www.haus-macheiner.com\/en\/#website\"},\"datePublished\":\"2014-08-14T13:15:27+00:00\",\"dateModified\":\"2014-12-15T13:17:17+00:00\",\"breadcrumb\":{\"@id\":\"https:\/\/www.haus-macheiner.com\/en\/latest-offers\/#breadcrumb\"},\"inLanguage\":\"en-EN\",\"potentialAction\":[{\"@type\":\"ReadAction\",\"target\":[\"https:\/\/www.haus-macheiner.com\/en\/latest-offers\/\"]}]},{\"@type\":\"BreadcrumbList\",\"@id\":\"https:\/\/www.haus-macheiner.com\/en\/latest-offers\/#breadcrumb\",\"itemListElement\":[{\"@type\":\"ListItem\",\"position\":1,\"name\":\"Startseite\",\"item\":\"https:\/\/www.haus-macheiner.com\/en\/\"},{\"@type\":\"ListItem\",\"position\":2,\"name\":\"Latest offers\"}]},{\"@type\":\"WebSite\",\"@id\":\"https:\/\/www.haus-macheiner.com\/en\/#website\",\"url\":\"https:\/\/www.haus-macheiner.com\/en\/\",\"name\":\"G\u00e4stehaus Macheiner\",\"description\":\"Direkt am Fanningberg in Mariapfarr im Lungau\",\"potentialAction\":[{\"@type\":\"SearchAction\",\"target\":{\"@type\":\"EntryPoint\",\"urlTemplate\":\"https:\/\/www.haus-macheiner.com\/en\/?s={search_term_string}\"},\"query-input\":{\"@type\":\"PropertyValueSpecification\",\"valueRequired\":true,\"valueName\":\"search_term_string\"}}],\"inLanguage\":\"en-EN\"}]}<\/script>\n<!-- \/ Yoast SEO plugin. -->","yoast_head_json":{"title":"Latest offers - G\u00e4stehaus Macheiner","robots":{"index":"index","follow":"follow","max-snippet":"max-snippet:-1","max-image-preview":"max-image-preview:large","max-video-preview":"max-video-preview:-1"},"canonical":"https:\/\/www.haus-macheiner.com\/en\/latest-offers\/","og_locale":"en_US","og_type":"article","og_title":"Latest offers - G\u00e4stehaus Macheiner","og_url":"https:\/\/www.haus-macheiner.com\/en\/latest-offers\/","og_site_name":"G\u00e4stehaus Macheiner","article_modified_time":"2014-12-15T13:17:17+00:00","twitter_card":"summary_large_image","schema":{"@context":"https:\/\/schema.org","@graph":[{"@type":"WebPage","@id":"https:\/\/www.haus-macheiner.com\/en\/latest-offers\/","url":"https:\/\/www.haus-macheiner.com\/en\/latest-offers\/","name":"Latest offers - G\u00e4stehaus Macheiner","isPartOf":{"@id":"https:\/\/www.haus-macheiner.com\/en\/#website"},"datePublished":"2014-08-14T13:15:27+00:00","dateModified":"2014-12-15T13:17:17+00:00","breadcrumb":{"@id":"https:\/\/www.haus-macheiner.com\/en\/latest-offers\/#breadcrumb"},"inLanguage":"en-EN","potentialAction":[{"@type":"ReadAction","target":["https:\/\/www.haus-macheiner.com\/en\/latest-offers\/"]}]},{"@type":"BreadcrumbList","@id":"https:\/\/www.haus-macheiner.com\/en\/latest-offers\/#breadcrumb","itemListElement":[{"@type":"ListItem","position":1,"name":"Startseite","item":"https:\/\/www.haus-macheiner.com\/en\/"},{"@type":"ListItem","position":2,"name":"Latest offers"}]},{"@type":"WebSite","@id":"https:\/\/www.haus-macheiner.com\/en\/#website","url":"https:\/\/www.haus-macheiner.com\/en\/","name":"G\u00e4stehaus Macheiner","description":"Direkt am Fanningberg in Mariapfarr im Lungau","potentialAction":[{"@type":"SearchAction","target":{"@type":"EntryPoint","urlTemplate":"https:\/\/www.haus-macheiner.com\/en\/?s={search_term_string}"},"query-input":{"@type":"PropertyValueSpecification","valueRequired":true,"valueName":"search_term_string"}}],"inLanguage":"en-EN"}]}},"_links":{"self":[{"href":"https:\/\/www.haus-macheiner.com\/en\/wp-json\/wp\/v2\/pages\/870","targetHints":{"allow":["GET"]}}],"collection":[{"href":"https:\/\/www.haus-macheiner.com\/en\/wp-json\/wp\/v2\/pages"}],"about":[{"href":"https:\/\/www.haus-macheiner.com\/en\/wp-json\/wp\/v2\/types\/page"}],"author":[{"embeddable":true,"href":"https:\/\/www.haus-macheiner.com\/en\/wp-json\/wp\/v2\/users\/2"}],"replies":[{"embeddable":true,"href":"https:\/\/www.haus-macheiner.com\/en\/wp-json\/wp\/v2\/comments?post=870"}],"version-history":[{"count":6,"href":"https:\/\/www.haus-macheiner.com\/en\/wp-json\/wp\/v2\/pages\/870\/revisions"}],"predecessor-version":[{"id":2248,"href":"https:\/\/www.haus-macheiner.com\/en\/wp-json\/wp\/v2\/pages\/870\/revisions\/2248"}],"wp:attachment":[{"href":"https:\/\/www.haus-macheiner.com\/en\/wp-json\/wp\/v2\/media?parent=870"}],"curies":[{"name":"wp","href":"https:\/\/api.w.org\/{rel}","templated":true}]}}